{"id":32,"date":"2021-08-10T21:12:23","date_gmt":"2021-08-10T21:12:23","guid":{"rendered":"https:\/\/balletcleyde.com.br\/?page_id=32"},"modified":"2024-01-31T14:33:01","modified_gmt":"2024-01-31T14:33:01","slug":"escola-de-ballet-cleyde-lerro-filiage","status":"publish","type":"page","link":"https:\/\/balletcleyde.com.br\/","title":{"rendered":"Escola de Ballet Cleyde Lerro Filiage"},"content":{"rendered":"\t\t<div data-elementor-type=\"wp-page\" data-elementor-id=\"32\" class=\"elementor elementor-32\" data-elementor-settings=\"[]\">\n\t\t\t\t\t\t\t<div class=\"elementor-section-wrap\">\n\t\t\t\t\t\t\t<section class=\"elementor-section elementor-top-section elementor-element elementor-element-6f823e0 elementor-section-boxed elementor-section-height-default elementor-section-height-default\" data-id=\"6f823e0\" data-element_type=\"section\">\n\t\t\t\t\t\t<div class=\"elementor-container elementor-column-gap-default\">\n\t\t\t\t\t<div class=\"elementor-column elementor-col-50 elementor-top-column elementor-element elementor-element-a96c878\" data-id=\"a96c878\" data-element_type=\"column\">\n\t\t\t<div class=\"elementor-widget-wrap elementor-element-populated\">\n\t\t\t\t\t\t\t\t<div class=\"elementor-element elementor-element-ae93804 elementor-widget elementor-widget-html\" data-id=\"ae93804\" data-element_type=\"widget\" data-widget_type=\"html.default\">\n\t\t\t\t<div class=\"elementor-widget-container\">\n\t\t\t<!-- Global site tag (gtag.js) - Google Analytics -->\r\n<script async src=\"https:\/\/www.googletagmanager.com\/gtag\/js?id=UA-1800344-5\"><\/script>\r\n<script>\r\n  window.dataLayer = window.dataLayer || [];\r\n  function gtag(){dataLayer.push(arguments);}\r\n  gtag('js', new Date());\r\n\r\n  gtag('config', 'UA-1800344-5');\r\n<\/script>\r\n\t\t<\/div>\n\t\t\t\t<\/div>\n\t\t\t\t\t<\/div>\n\t\t<\/div>\n\t\t\t\t<div class=\"elementor-column elementor-col-50 elementor-top-column elementor-element elementor-element-8f87529\" data-id=\"8f87529\" data-element_type=\"column\">\n\t\t\t<div class=\"elementor-widget-wrap elementor-element-populated\">\n\t\t\t\t\t\t\t\t<div class=\"elementor-element elementor-element-414f08c elementor-widget elementor-widget-image\" data-id=\"414f08c\" data-element_type=\"widget\" data-widget_type=\"image.default\">\n\t\t\t\t<div class=\"elementor-widget-container\">\n\t\t\t\t\t\t\t\t\t\t\t\t\t\t\t<img width=\"150\" height=\"150\" src=\"https:\/\/balletcleyde.com.br\/wp-content\/uploads\/2021\/08\/Logo_Ballet-Cleyde-150x150.png\" class=\"attachment-thumbnail size-thumbnail\" alt=\"\" loading=\"lazy\" srcset=\"https:\/\/balletcleyde.com.br\/wp-content\/uploads\/2021\/08\/Logo_Ballet-Cleyde-150x150.png 150w, https:\/\/balletcleyde.com.br\/wp-content\/uploads\/2021\/08\/Logo_Ballet-Cleyde-100x100.png 100w, https:\/\/balletcleyde.com.br\/wp-content\/uploads\/2021\/08\/Logo_Ballet-Cleyde.png 300w\" sizes=\"(max-width: 150px) 100vw, 150px\" \/>\t\t\t\t\t\t\t\t\t\t\t\t\t\t\t<\/div>\n\t\t\t\t<\/div>\n\t\t\t\t\t<\/div>\n\t\t<\/div>\n\t\t\t\t\t\t\t<\/div>\n\t\t<\/section>\n\t\t\t\t<section class=\"elementor-section elementor-top-section elementor-element elementor-element-69612ec elementor-section-boxed elementor-section-height-default elementor-section-height-default\" data-id=\"69612ec\" data-element_type=\"section\">\n\t\t\t\t\t\t<div class=\"elementor-container elementor-column-gap-default\">\n\t\t\t\t\t<div class=\"elementor-column elementor-col-100 elementor-top-column elementor-element elementor-element-b9d00a2\" data-id=\"b9d00a2\" data-element_type=\"column\">\n\t\t\t<div class=\"elementor-widget-wrap elementor-element-populated\">\n\t\t\t\t\t\t\t\t<div class=\"elementor-element elementor-element-75ff5f4 elementor-widget elementor-widget-spacer\" data-id=\"75ff5f4\" data-element_type=\"widget\" data-widget_type=\"spacer.default\">\n\t\t\t\t<div class=\"elementor-widget-container\">\n\t\t\t\t\t<div class=\"elementor-spacer\">\n\t\t\t<div class=\"elementor-spacer-inner\"><\/div>\n\t\t<\/div>\n\t\t\t\t<\/div>\n\t\t\t\t<\/div>\n\t\t\t\t\t<\/div>\n\t\t<\/div>\n\t\t\t\t\t\t\t<\/div>\n\t\t<\/section>\n\t\t\t\t<section class=\"elementor-section elementor-top-section elementor-element elementor-element-9a838d8 elementor-section-boxed elementor-section-height-default elementor-section-height-default\" data-id=\"9a838d8\" data-element_type=\"section\">\n\t\t\t\t\t\t<div class=\"elementor-container elementor-column-gap-default\">\n\t\t\t\t\t<div class=\"elementor-column elementor-col-33 elementor-top-column elementor-element elementor-element-f48c2bd\" data-id=\"f48c2bd\" data-element_type=\"column\">\n\t\t\t<div class=\"elementor-widget-wrap elementor-element-populated\">\n\t\t\t\t\t\t\t\t<div class=\"elementor-element elementor-element-4f0bbd9 elementor-widget elementor-widget-html\" data-id=\"4f0bbd9\" data-element_type=\"widget\" data-widget_type=\"html.default\">\n\t\t\t\t<div class=\"elementor-widget-container\">\n\t\t\t<!-- Global site tag (gtag.js) - Google Ads: 988334683 -->\r\n<script async src=\"https:\/\/www.googletagmanager.com\/gtag\/js?id=AW-988334683\"><\/script>\r\n<script>\r\n  window.dataLayer = window.dataLayer || [];\r\n  function gtag(){dataLayer.push(arguments);}\r\n  gtag('js', new Date());\r\n\r\n  gtag('config', 'AW-988334683');\r\n<\/script>\r\n\t\t<\/div>\n\t\t\t\t<\/div>\n\t\t\t\t\t<\/div>\n\t\t<\/div>\n\t\t\t\t<div class=\"elementor-column elementor-col-33 elementor-top-column elementor-element elementor-element-12601ef\" data-id=\"12601ef\" data-element_type=\"column\">\n\t\t\t<div class=\"elementor-widget-wrap elementor-element-populated\">\n\t\t\t\t\t\t\t\t<div class=\"elementor-element elementor-element-d9c0ba0 elementor-align-center elementor-widget elementor-widget-button\" data-id=\"d9c0ba0\" data-element_type=\"widget\" data-widget_type=\"button.default\">\n\t\t\t\t<div class=\"elementor-widget-container\">\n\t\t\t\t\t<div class=\"elementor-button-wrapper\">\n\t\t\t<a href=\"http:\/\/api.whatsapp.com\/send?1=pt_BR&#038;phone=5517991976982\" target=\"_blank\" class=\"elementor-button-link elementor-button elementor-size-md\" role=\"button\">\n\t\t\t\t\t\t<span class=\"elementor-button-content-wrapper\">\n\t\t\t\t\t\t<span class=\"elementor-button-text\">Agendar aula Experimental<\/span>\n\t\t<\/span>\n\t\t\t\t\t<\/a>\n\t\t<\/div>\n\t\t\t\t<\/div>\n\t\t\t\t<\/div>\n\t\t\t\t\t<\/div>\n\t\t<\/div>\n\t\t\t\t<div class=\"elementor-column elementor-col-33 elementor-top-column elementor-element elementor-element-421f794\" data-id=\"421f794\" data-element_type=\"column\">\n\t\t\t<div class=\"elementor-widget-wrap elementor-element-populated\">\n\t\t\t\t\t\t\t\t<div class=\"elementor-element elementor-element-bccd50b elementor-align-center elementor-widget elementor-widget-button\" data-id=\"bccd50b\" data-element_type=\"widget\" data-widget_type=\"button.default\">\n\t\t\t\t<div class=\"elementor-widget-container\">\n\t\t\t\t\t<div class=\"elementor-button-wrapper\">\n\t\t\t<a href=\"https:\/\/www.instagram.com\/balletcleyde\" target=\"_blank\" class=\"elementor-button-link elementor-button elementor-size-md\" role=\"button\">\n\t\t\t\t\t\t<span class=\"elementor-button-content-wrapper\">\n\t\t\t\t\t\t<span class=\"elementor-button-text\">Nosso Instagram<\/span>\n\t\t<\/span>\n\t\t\t\t\t<\/a>\n\t\t<\/div>\n\t\t\t\t<\/div>\n\t\t\t\t<\/div>\n\t\t\t\t\t<\/div>\n\t\t<\/div>\n\t\t\t\t\t\t\t<\/div>\n\t\t<\/section>\n\t\t\t\t<section class=\"elementor-section elementor-top-section elementor-element elementor-element-96e4b51 elementor-section-boxed elementor-section-height-default elementor-section-height-default\" data-id=\"96e4b51\" data-element_type=\"section\">\n\t\t\t\t\t\t<div class=\"elementor-container elementor-column-gap-default\">\n\t\t\t\t\t<div class=\"elementor-column elementor-col-33 elementor-top-column elementor-element elementor-element-96a6852\" data-id=\"96a6852\" data-element_type=\"column\">\n\t\t\t<div class=\"elementor-widget-wrap\">\n\t\t\t\t\t\t\t\t\t<\/div>\n\t\t<\/div>\n\t\t\t\t<div class=\"elementor-column elementor-col-33 elementor-top-column elementor-element elementor-element-b2050d6\" data-id=\"b2050d6\" data-element_type=\"column\">\n\t\t\t<div class=\"elementor-widget-wrap elementor-element-populated\">\n\t\t\t\t\t\t\t\t<div class=\"elementor-element elementor-element-9c58715 elementor-align-center elementor-widget elementor-widget-button\" data-id=\"9c58715\" data-element_type=\"widget\" data-widget_type=\"button.default\">\n\t\t\t\t<div class=\"elementor-widget-container\">\n\t\t\t\t\t<div class=\"elementor-button-wrapper\">\n\t\t\t<a href=\"https:\/\/balletcleyde.com.br\/wp-content\/uploads\/2022\/03\/Horarios-Ballet.png\" target=\"_blank\" class=\"elementor-button-link elementor-button elementor-size-md\" role=\"button\">\n\t\t\t\t\t\t<span class=\"elementor-button-content-wrapper\">\n\t\t\t\t\t\t<span class=\"elementor-button-text\">Hor\u00e1rios das Aulas<\/span>\n\t\t<\/span>\n\t\t\t\t\t<\/a>\n\t\t<\/div>\n\t\t\t\t<\/div>\n\t\t\t\t<\/div>\n\t\t\t\t\t<\/div>\n\t\t<\/div>\n\t\t\t\t<div class=\"elementor-column elementor-col-33 elementor-top-column elementor-element elementor-element-2d6fb61\" data-id=\"2d6fb61\" data-element_type=\"column\">\n\t\t\t<div class=\"elementor-widget-wrap elementor-element-populated\">\n\t\t\t\t\t\t\t\t<div class=\"elementor-element elementor-element-9940354 elementor-align-center elementor-widget elementor-widget-button\" data-id=\"9940354\" data-element_type=\"widget\" data-widget_type=\"button.default\">\n\t\t\t\t<div class=\"elementor-widget-container\">\n\t\t\t\t\t<div class=\"elementor-button-wrapper\">\n\t\t\t<a href=\"https:\/\/www.facebook.com\/balletcleyde\" target=\"_blank\" class=\"elementor-button-link elementor-button elementor-size-md\" role=\"button\">\n\t\t\t\t\t\t<span class=\"elementor-button-content-wrapper\">\n\t\t\t\t\t\t<span class=\"elementor-button-text\">Nosso Facebook<\/span>\n\t\t<\/span>\n\t\t\t\t\t<\/a>\n\t\t<\/div>\n\t\t\t\t<\/div>\n\t\t\t\t<\/div>\n\t\t\t\t\t<\/div>\n\t\t<\/div>\n\t\t\t\t\t\t\t<\/div>\n\t\t<\/section>\n\t\t\t\t<section class=\"elementor-section elementor-top-section elementor-element elementor-element-b766fa7 elementor-section-boxed elementor-section-height-default elementor-section-height-default\" data-id=\"b766fa7\" data-element_type=\"section\">\n\t\t\t\t\t\t<div class=\"elementor-container elementor-column-gap-default\">\n\t\t\t\t\t<div class=\"elementor-column elementor-col-50 elementor-top-column elementor-element elementor-element-d06b10e\" data-id=\"d06b10e\" data-element_type=\"column\">\n\t\t\t<div class=\"elementor-widget-wrap\">\n\t\t\t\t\t\t\t\t\t<\/div>\n\t\t<\/div>\n\t\t\t\t<div class=\"elementor-column elementor-col-50 elementor-top-column elementor-element elementor-element-927e61e\" data-id=\"927e61e\" data-element_type=\"column\">\n\t\t\t<div class=\"elementor-widget-wrap elementor-element-populated\">\n\t\t\t\t\t\t\t\t<div class=\"elementor-element elementor-element-9f97dc9 elementor-align-center elementor-widget elementor-widget-button\" data-id=\"9f97dc9\" data-element_type=\"widget\" data-widget_type=\"button.default\">\n\t\t\t\t<div class=\"elementor-widget-container\">\n\t\t\t\t\t<div class=\"elementor-button-wrapper\">\n\t\t\t<a href=\"https:\/\/g.page\/balletcleyde?share\" target=\"_blank\" class=\"elementor-button-link elementor-button elementor-size-md\" role=\"button\">\n\t\t\t\t\t\t<span class=\"elementor-button-content-wrapper\">\n\t\t\t\t\t\t<span class=\"elementor-button-text\">Nossa Localiza\u00e7\u00e3o<\/span>\n\t\t<\/span>\n\t\t\t\t\t<\/a>\n\t\t<\/div>\n\t\t\t\t<\/div>\n\t\t\t\t<\/div>\n\t\t\t\t\t<\/div>\n\t\t<\/div>\n\t\t\t\t\t\t\t<\/div>\n\t\t<\/section>\n\t\t\t\t<section class=\"elementor-section elementor-top-section elementor-element elementor-element-3eecd6a elementor-section-boxed elementor-section-height-default elementor-section-height-default\" data-id=\"3eecd6a\" data-element_type=\"section\">\n\t\t\t\t\t\t<div class=\"elementor-container elementor-column-gap-default\">\n\t\t\t\t\t<div class=\"elementor-column elementor-col-100 elementor-top-column elementor-element elementor-element-5c63102\" data-id=\"5c63102\" data-element_type=\"column\">\n\t\t\t<div class=\"elementor-widget-wrap elementor-element-populated\">\n\t\t\t\t\t\t\t\t<div class=\"elementor-element elementor-element-b172fba elementor-widget elementor-widget-spacer\" data-id=\"b172fba\" data-element_type=\"widget\" data-widget_type=\"spacer.default\">\n\t\t\t\t<div class=\"elementor-widget-container\">\n\t\t\t\t\t<div class=\"elementor-spacer\">\n\t\t\t<div class=\"elementor-spacer-inner\"><\/div>\n\t\t<\/div>\n\t\t\t\t<\/div>\n\t\t\t\t<\/div>\n\t\t\t\t\t<\/div>\n\t\t<\/div>\n\t\t\t\t\t\t\t<\/div>\n\t\t<\/section>\n\t\t\t\t<section class=\"elementor-section elementor-top-section elementor-element elementor-element-97dd1df elementor-section-boxed elementor-section-height-default elementor-section-height-default\" data-id=\"97dd1df\" data-element_type=\"section\">\n\t\t\t\t\t\t<div class=\"elementor-container elementor-column-gap-default\">\n\t\t\t\t\t<div class=\"elementor-column elementor-col-50 elementor-top-column elementor-element elementor-element-654b267\" data-id=\"654b267\" data-element_type=\"column\">\n\t\t\t<div class=\"elementor-widget-wrap\">\n\t\t\t\t\t\t\t\t\t<\/div>\n\t\t<\/div>\n\t\t\t\t<div class=\"elementor-column elementor-col-50 elementor-top-column elementor-element elementor-element-0860a5f\" data-id=\"0860a5f\" data-element_type=\"column\">\n\t\t\t<div class=\"elementor-widget-wrap elementor-element-populated\">\n\t\t\t\t\t\t\t\t<div class=\"elementor-element elementor-element-96f04ff elementor-widget elementor-widget-text-editor\" data-id=\"96f04ff\" data-element_type=\"widget\" data-widget_type=\"text-editor.default\">\n\t\t\t\t<div class=\"elementor-widget-container\">\n\t\t\t\t\t\t\t\t<p>(17) 99197-6982<br \/>Escola de Ballet Cleyde Lerro Filiage a<br \/>PRIMEIRA DE RIO PRETO.<br \/><a href=\"https:\/\/www.instagram.com\/olharweb\/\" target=\"_blank\" rel=\"noopener\">Criado por OlharWeb<\/a><\/p>\t\t\t\t\t\t<\/div>\n\t\t\t\t<\/div>\n\t\t\t\t\t<\/div>\n\t\t<\/div>\n\t\t\t\t\t\t\t<\/div>\n\t\t<\/section>\n\t\t\t\t\t\t<\/div>\n\t\t\t\t\t<\/div>\n\t\t","protected":false},"excerpt":{"rendered":"<p>Agendar aula Experimental Nosso Instagram Hor\u00e1rios das Aulas Nosso Facebook Nossa Localiza\u00e7\u00e3o (17) 99197-6982Escola de Ballet Cleyde Lerro Filiage aPRIMEIRA DE RIO PRETO.Criado por OlharWeb<\/p>\n","protected":false},"author":1,"featured_media":35,"parent":0,"menu_order":0,"comment_status":"closed","ping_status":"closed","template":"elementor_canvas","meta":[],"yoast_head":"<!-- This site is optimized with the Yoast SEO Premium plugin v16.3 (Yoast SEO v16.8) - https:\/\/yoast.com\/wordpress\/plugins\/seo\/ -->\r\n<title>Escola de Ballet Cleyde Lerro Filiage - Escola de Ballet Cleyde Lerro Filiage<\/title>\r\n<meta name=\"robots\" content=\"index, follow, max-snippet:-1, max-image-preview:large, max-video-preview:-1\" \/>\r\n<link rel=\"canonical\" href=\"https:\/\/balletcleyde.com.br\/\" \/>\r\n<meta property=\"og:locale\" content=\"pt_BR\" \/>\r\n<meta property=\"og:type\" content=\"article\" \/>\r\n<meta property=\"og:title\" content=\"Escola de Ballet Cleyde Lerro Filiage - Escola de Ballet Cleyde Lerro Filiage\" \/>\r\n<meta property=\"og:description\" content=\"Agendar aula Experimental Nosso Instagram Hor\u00e1rios das Aulas Nosso Facebook Nossa Localiza\u00e7\u00e3o (17) 99197-6982Escola de Ballet Cleyde Lerro Filiage aPRIMEIRA DE RIO PRETO.Criado por OlharWeb\" \/>\r\n<meta property=\"og:url\" content=\"https:\/\/balletcleyde.com.br\/\" \/>\r\n<meta property=\"og:site_name\" content=\"Escola de Ballet Cleyde Lerro Filiage\" \/>\r\n<meta property=\"article:modified_time\" content=\"2024-01-31T14:33:01+00:00\" \/>\r\n<meta property=\"og:image\" content=\"https:\/\/balletcleyde.com.br\/wp-content\/uploads\/2021\/08\/DSC_8848-scaled.jpg\" \/>\r\n\t<meta property=\"og:image:width\" content=\"2560\" \/>\r\n\t<meta property=\"og:image:height\" content=\"1696\" \/>\r\n<meta name=\"twitter:card\" content=\"summary_large_image\" \/>\r\n<meta name=\"twitter:label1\" content=\"Est. tempo de leitura\" \/>\n\t<meta name=\"twitter:data1\" content=\"1 minuto\" \/>\r\n<script type=\"application\/ld+json\" class=\"yoast-schema-graph\">{\"@context\":\"https:\/\/schema.org\",\"@graph\":[{\"@type\":\"WebSite\",\"@id\":\"https:\/\/balletcleyde.com.br\/#website\",\"url\":\"https:\/\/balletcleyde.com.br\/\",\"name\":\"Escola de Ballet Cleyde Lerro Filiage\",\"description\":\"\",\"potentialAction\":[{\"@type\":\"SearchAction\",\"target\":{\"@type\":\"EntryPoint\",\"urlTemplate\":\"https:\/\/balletcleyde.com.br\/?s={search_term_string}\"},\"query-input\":\"required name=search_term_string\"}],\"inLanguage\":\"pt-BR\"},{\"@type\":\"ImageObject\",\"@id\":\"https:\/\/balletcleyde.com.br\/#primaryimage\",\"inLanguage\":\"pt-BR\",\"url\":\"https:\/\/balletcleyde.com.br\/wp-content\/uploads\/2021\/08\/DSC_8848-scaled.jpg\",\"contentUrl\":\"https:\/\/balletcleyde.com.br\/wp-content\/uploads\/2021\/08\/DSC_8848-scaled.jpg\",\"width\":2560,\"height\":1696},{\"@type\":\"WebPage\",\"@id\":\"https:\/\/balletcleyde.com.br\/#webpage\",\"url\":\"https:\/\/balletcleyde.com.br\/\",\"name\":\"Escola de Ballet Cleyde Lerro Filiage - Escola de Ballet Cleyde Lerro Filiage\",\"isPartOf\":{\"@id\":\"https:\/\/balletcleyde.com.br\/#website\"},\"primaryImageOfPage\":{\"@id\":\"https:\/\/balletcleyde.com.br\/#primaryimage\"},\"datePublished\":\"2021-08-10T21:12:23+00:00\",\"dateModified\":\"2024-01-31T14:33:01+00:00\",\"breadcrumb\":{\"@id\":\"https:\/\/balletcleyde.com.br\/#breadcrumb\"},\"inLanguage\":\"pt-BR\",\"potentialAction\":[{\"@type\":\"ReadAction\",\"target\":[\"https:\/\/balletcleyde.com.br\/\"]}]},{\"@type\":\"BreadcrumbList\",\"@id\":\"https:\/\/balletcleyde.com.br\/#breadcrumb\",\"itemListElement\":[{\"@type\":\"ListItem\",\"position\":1,\"name\":\"In\\u00edcio\",\"item\":\"https:\/\/balletcleyde.com.br\/\"},{\"@type\":\"ListItem\",\"position\":2,\"name\":\"Escola de Ballet Cleyde Lerro Filiage\"}]}]}<\/script>\r\n<!-- \/ Yoast SEO Premium plugin. -->","yoast_head_json":{"title":"Escola de Ballet Cleyde Lerro Filiage - Escola de Ballet Cleyde Lerro Filiage","robots":{"index":"index","follow":"follow","max-snippet":"max-snippet:-1","max-image-preview":"max-image-preview:large","max-video-preview":"max-video-preview:-1"},"canonical":"https:\/\/balletcleyde.com.br\/","og_locale":"pt_BR","og_type":"article","og_title":"Escola de Ballet Cleyde Lerro Filiage - Escola de Ballet Cleyde Lerro Filiage","og_description":"Agendar aula Experimental Nosso Instagram Hor\u00e1rios das Aulas Nosso Facebook Nossa Localiza\u00e7\u00e3o (17) 99197-6982Escola de Ballet Cleyde Lerro Filiage aPRIMEIRA DE RIO PRETO.Criado por OlharWeb","og_url":"https:\/\/balletcleyde.com.br\/","og_site_name":"Escola de Ballet Cleyde Lerro Filiage","article_modified_time":"2024-01-31T14:33:01+00:00","og_image":[{"width":2560,"height":1696,"url":"https:\/\/balletcleyde.com.br\/wp-content\/uploads\/2021\/08\/DSC_8848-scaled.jpg","path":"D:\\Inetpub\\vhosts\\balletcleyde.com.br\\httpdocs\/wp-content\/uploads\/2021\/08\/DSC_8848-scaled.jpg","size":"full","id":35,"alt":"","pixels":4341760,"type":"image\/jpeg"}],"twitter_card":"summary_large_image","twitter_misc":{"Est. tempo de leitura":"1 minuto"},"schema":{"@context":"https:\/\/schema.org","@graph":[{"@type":"WebSite","@id":"https:\/\/balletcleyde.com.br\/#website","url":"https:\/\/balletcleyde.com.br\/","name":"Escola de Ballet Cleyde Lerro Filiage","description":"","potentialAction":[{"@type":"SearchAction","target":{"@type":"EntryPoint","urlTemplate":"https:\/\/balletcleyde.com.br\/?s={search_term_string}"},"query-input":"required name=search_term_string"}],"inLanguage":"pt-BR"},{"@type":"ImageObject","@id":"https:\/\/balletcleyde.com.br\/#primaryimage","inLanguage":"pt-BR","url":"https:\/\/balletcleyde.com.br\/wp-content\/uploads\/2021\/08\/DSC_8848-scaled.jpg","contentUrl":"https:\/\/balletcleyde.com.br\/wp-content\/uploads\/2021\/08\/DSC_8848-scaled.jpg","width":2560,"height":1696},{"@type":"WebPage","@id":"https:\/\/balletcleyde.com.br\/#webpage","url":"https:\/\/balletcleyde.com.br\/","name":"Escola de Ballet Cleyde Lerro Filiage - Escola de Ballet Cleyde Lerro Filiage","isPartOf":{"@id":"https:\/\/balletcleyde.com.br\/#website"},"primaryImageOfPage":{"@id":"https:\/\/balletcleyde.com.br\/#primaryimage"},"datePublished":"2021-08-10T21:12:23+00:00","dateModified":"2024-01-31T14:33:01+00:00","breadcrumb":{"@id":"https:\/\/balletcleyde.com.br\/#breadcrumb"},"inLanguage":"pt-BR","potentialAction":[{"@type":"ReadAction","target":["https:\/\/balletcleyde.com.br\/"]}]},{"@type":"BreadcrumbList","@id":"https:\/\/balletcleyde.com.br\/#breadcrumb","itemListElement":[{"@type":"ListItem","position":1,"name":"In\u00edcio","item":"https:\/\/balletcleyde.com.br\/"},{"@type":"ListItem","position":2,"name":"Escola de Ballet Cleyde Lerro Filiage"}]}]}},"_links":{"self":[{"href":"https:\/\/balletcleyde.com.br\/index.php\/wp-json\/wp\/v2\/pages\/32"}],"collection":[{"href":"https:\/\/balletcleyde.com.br\/index.php\/wp-json\/wp\/v2\/pages"}],"about":[{"href":"https:\/\/balletcleyde.com.br\/index.php\/wp-json\/wp\/v2\/types\/page"}],"author":[{"embeddable":true,"href":"https:\/\/balletcleyde.com.br\/index.php\/wp-json\/wp\/v2\/users\/1"}],"replies":[{"embeddable":true,"href":"https:\/\/balletcleyde.com.br\/index.php\/wp-json\/wp\/v2\/comments?post=32"}],"version-history":[{"count":60,"href":"https:\/\/balletcleyde.com.br\/index.php\/wp-json\/wp\/v2\/pages\/32\/revisions"}],"predecessor-version":[{"id":105,"href":"https:\/\/balletcleyde.com.br\/index.php\/wp-json\/wp\/v2\/pages\/32\/revisions\/105"}],"wp:featuredmedia":[{"embeddable":true,"href":"https:\/\/balletcleyde.com.br\/index.php\/wp-json\/wp\/v2\/media\/35"}],"wp:attachment":[{"href":"https:\/\/balletcleyde.com.br\/index.php\/wp-json\/wp\/v2\/media?parent=32"}],"curies":[{"name":"wp","href":"https:\/\/api.w.org\/{rel}","templated":true}]}}